{"id":1485,"date":"2024-06-11T11:47:39","date_gmt":"2024-06-11T09:47:39","guid":{"rendered":"https:\/\/neuroclinicamaia.com\/?page_id=1485"},"modified":"2026-03-23T20:02:58","modified_gmt":"2026-03-23T19:02:58","slug":"aviso-legal","status":"publish","type":"page","link":"https:\/\/neuroclinicamaia.com\/ca\/aviso-legal\/","title":{"rendered":"Av\u00eds Legal"},"content":{"rendered":"<div data-elementor-type=\"wp-page\" data-elementor-id=\"1485\" class=\"elementor elementor-1485\" data-elementor-post-type=\"page\">\n\t\t\t\t<div class=\"elementor-element elementor-element-1943a0d3 e-flex e-con-boxed e-con e-parent\" data-id=\"1943a0d3\" data-element_type=\"container\">\n\t\t\t\t\t<div class=\"e-con-inner\">\n\t\t\t\t<div class=\"elementor-element elementor-element-1f1930ff elementor-widget elementor-widget-text-editor\" data-id=\"1f1930ff\" data-element_type=\"widget\" data-widget_type=\"text-editor.default\">\n\t\t\t\t<div class=\"elementor-widget-container\">\n\t\t\t\t\t\t\t<p><span style=\"font-weight: 400;\">En cumplimiento con lo dispuesto en el art\u00edculo 10 de la Ley 34\/2002, de 11 de julio, de Servicios de la Sociedad de la Informaci\u00f3n y de Comercio Electr\u00f3nico (LSSICE), le informamos sobre los siguientes aspectos legales:<\/span><\/p><p><b>Propiedad del sitio web<\/b><\/p><p><span style=\"font-weight: 400;\">Titular: AMAIA GARC\u00cdA RODR\u00cdGUEZ<\/span><\/p><p><span style=\"font-weight: 400;\">DNI: 72748432F<\/span><\/p><p><span style=\"font-weight: 400;\">Tel\u00e9fono: 635 203 109<\/span><\/p><p><span style=\"font-weight: 400;\">Contacto: amaiagrl@gmail.com<\/span><\/p><p><b>Condiciones generales de uso<\/b><\/p><p><span style=\"font-weight: 400;\">Titular<\/span><\/p><p><span style=\"font-weight: 400;\">\u201cAmaia Garc\u00eda\u201d, en calidad de titular y responsable del presente sitio web, pone a disposici\u00f3n de los usuarios este documento con el fin de cumplir con las obligaciones establecidas en la Ley 34\/2002, de 11 de julio, de Servicios de la Sociedad de la Informaci\u00f3n y del Comercio Electr\u00f3nico.<\/span><\/p><p><span style=\"font-weight: 400;\">Objeto<\/span><\/p><p><span style=\"font-weight: 400;\">La p\u00e1gina web de \u201cAmaia Garc\u00eda\u201d tiene como objetivo proporcionar al p\u00fablico informaci\u00f3n sobre los servicios sanitarios que se ofrecen en el centro.\u00a0<\/span><\/p><p>\u00a0<\/p><p><span style=\"font-weight: 400;\">Contenidos<\/span><\/p><p><span style=\"font-weight: 400;\">Con el fin de mantener actualizada la informaci\u00f3n publicada en el portal web, los contenidos podr\u00e1n ser modificados, corregidos, eliminados o a\u00f1adidos en cualquier momento. Por lo tanto, se recomienda comprobar la vigencia y exactitud de la informaci\u00f3n consultando los textos actualizados disponibles en el sitio web.<\/span><\/p><p>\u00a0<\/p><p><span style=\"font-weight: 400;\">El titular de este sitio web se reserva la facultad de realizar, en cualquier momento y sin previo aviso, modificaciones y actualizaciones de la informaci\u00f3n contenida en la web, as\u00ed como de la configuraci\u00f3n y presentaci\u00f3n de la misma.<\/span><\/p><p>\u00a0<\/p><p><span style=\"font-weight: 400;\">Aceptaci\u00f3n<\/span><\/p><p><span style=\"font-weight: 400;\">El uso de cualquiera de las funcionalidades del sitio web implica la aceptaci\u00f3n plena y expresa de las condiciones aqu\u00ed expuestas, sin perjuicio de aquellas condiciones particulares que puedan aplicarse a algunos de los servicios espec\u00edficos ofrecidos a trav\u00e9s del sitio web.<\/span><\/p><p><b>Acceso a la p\u00e1gina web<\/b><\/p><p><span style=\"font-weight: 400;\">Tal como se ha indicado anteriormente, el acceso a la p\u00e1gina web de \u201cAmaia Garc\u00eda\u201d es responsabilidad exclusiva de los usuarios y supone la aceptaci\u00f3n y el conocimiento de las condiciones establecidas en el aviso legal, la pol\u00edtica de cookies y la pol\u00edtica de privacidad.<\/span><\/p><p><span style=\"font-weight: 400;\">Acceso gratuito<\/span><\/p><p><span style=\"font-weight: 400;\">El acceso a la p\u00e1gina web es gratuito para los usuarios, salvo en lo que respecta al coste de la conexi\u00f3n a Internet, que ser\u00e1 el que establezca el Proveedor de Acceso a Internet (ISP) contratado por el usuario.<\/span><\/p><p><b>Condiciones generales de uso<\/b><\/p><p><span style=\"font-weight: 400;\">La utilizaci\u00f3n de la p\u00e1gina web de \u201cAmaia Garc\u00eda\u201d atribuye la condici\u00f3n de Usuario. El usuario se compromete a hacer un uso adecuado de los contenidos, servicios y actividades que \u201cAmaia Garc\u00eda\u201d pone a su disposici\u00f3n, conforme a lo establecido en el presente Aviso Legal y a no utilizar la informaci\u00f3n, actividades y servicios de la p\u00e1gina web para desarrollar actividades que sean contrarias a las leyes vigentes.<\/span><\/p><p><span style=\"font-weight: 400;\">Contenidos<\/span><\/p><p><span style=\"font-weight: 400;\">Los contenidos de la p\u00e1gina web de \u201cAmaia Garc\u00eda\u201d son proporcionados tanto por la empresa como por terceros. \u201cAmaia Garc\u00eda\u201d se compromete a adoptar los medios razonables para garantizar que los contenidos sean siempre exactos y est\u00e9n actualizados. No obstante, no se puede garantizar que toda la informaci\u00f3n est\u00e9 libre de errores, por lo que se recomienda al usuario comprobar la exactitud de los datos proporcionados.<\/span><\/p><p><span style=\"font-weight: 400;\">Servicios interactivos<\/span><\/p><p><span style=\"font-weight: 400;\">En caso de que la p\u00e1gina web de \u201cAmaia Garc\u00eda\u201d ofrezca servicios interactivos que permitan a los usuarios divulgar contenidos (por ejemplo, foros, blogs, comentarios, redes sociales u otros medios), el uso de dichos servicios ser\u00e1 conforme a la ley y al presente aviso legal.<\/span><\/p><p>\u00a0<\/p><p><span style=\"font-weight: 400;\">\u201cAmaia Garc\u00eda\u201d no se hace responsable de la informaci\u00f3n y los contenidos almacenados o divulgados por los usuarios en estos servicios interactivos, tales como, a t\u00edtulo enunciativo pero no limitativo, foros, chats, blogs, comentarios y redes sociales.<\/span><\/p><p><span style=\"font-weight: 400;\">Sin embargo, en cumplimiento de lo dispuesto en los art\u00edculos 11 y 16 de la Ley 34\/2002, de Servicios de la Sociedad de la Informaci\u00f3n y Comercio Electr\u00f3nico (LSSICE), \u201cAmaia Garc\u00eda\u201d colaborar\u00e1 activamente en la retirada o, en su caso, el bloqueo de todos aquellos contenidos que puedan contravenir la legislaci\u00f3n vigente, los derechos de terceros o que atenten contra la moralidad y el orden p\u00fablico, cuando tenga conocimiento efectivo de ello.<\/span><\/p><p><span style=\"font-weight: 400;\">Redes sociales<\/span><\/p><p><span style=\"font-weight: 400;\">El centro \u201cAmaia Garc\u00eda\u201d dispone de perfiles corporativos en diversas redes sociales (indicadas en esta web) con la finalidad exclusiva de informar sobre sus servicios, actividades, novedades y otros contenidos de inter\u00e9s relacionados con la fisioterapia y la salud.<\/span><\/p><p><span style=\"font-weight: 400;\">El usuario que acceda a estos perfiles debe tener en cuenta que el centro solo es responsable del tratamiento de los datos que publica o gestiona directamente desde dichos perfiles corporativos. En ning\u00fan caso ser\u00e1 responsable de los datos que las plataformas de redes sociales recojan y traten por cuenta propia, de acuerdo con sus respectivas pol\u00edticas de privacidad y condiciones de uso, las cuales recomendamos leer detenidamente antes de utilizarlas.<\/span><\/p><p><span style=\"font-weight: 400;\">La interacci\u00f3n con los perfiles corporativos (comentarios, mensajes privados, suscripciones, etc.) implica la aceptaci\u00f3n de estas condiciones, as\u00ed como del tratamiento de los datos de car\u00e1cter personal dentro de la plataforma de redes sociales correspondiente, de acuerdo con sus propias pol\u00edticas.<\/span><\/p><p><span style=\"font-weight: 400;\">El centro no utilizar\u00e1 las redes sociales para la obtenci\u00f3n de datos personales de manera individualizada ni para fines comerciales ajenos a su actividad informativa. Tampoco ser\u00e1 responsable de las opiniones o contenidos que otros usuarios puedan publicar en estos espacios, aunque se reserva el derecho de eliminar aquellos comentarios o publicaciones que considere inadecuados o que vulneren la legislaci\u00f3n vigente, derechos de terceros o la dignidad de las personas.<\/span><\/p><p><span style=\"font-weight: 400;\">En cualquier caso, el uso de las redes sociales por parte de menores de edad debe contar con la autorizaci\u00f3n previa de sus padres, madres o tutores legales.<\/span><\/p><p><span style=\"font-weight: 400;\">Informaci\u00f3n veraz<\/span><\/p><p><span style=\"font-weight: 400;\">Al comunicarse con \u201cAmaia Garc\u00eda\u201d, el usuario se compromete a proporcionar informaci\u00f3n veraz y exacta, garantizando en todo momento la autenticidad de los datos facilitados. Ser\u00e1 responsabilidad del usuario mantener toda la informaci\u00f3n actualizada, y notificar cualquier cambio que pueda afectar al uso de los servicios.<\/span><\/p><p><span style=\"font-weight: 400;\">Usuarios menores de edad<\/span><\/p><p><span style=\"font-weight: 400;\">Los usuarios menores de edad deber\u00e1n obtener el consentimiento previo y expreso de sus padres, tutores o representantes legales para el uso de los servicios ofrecidos por \u201cAmaia Garc\u00eda\u201d. La responsabilidad de determinar los contenidos a los que accede un menor recae sobre los padres, tutores o representantes legales. Para evitar el acceso a contenido inapropiado, se recomienda el uso de programas o filtros que limiten el acceso a ciertos contenidos en Internet.<\/span><\/p><p><span style=\"font-weight: 400;\">Uso correcto de la p\u00e1gina web<\/span><\/p><p><span style=\"font-weight: 400;\">El usuario se compromete a hacer un uso adecuado de la web y de las herramientas que se le proporcionan, conforme a la ley, al presente Aviso Legal, y a las instrucciones y avisos que puedan ser comunicados por \u201cAmaia Garc\u00eda\u201d. El usuario se obliga a utilizar la p\u00e1gina web y sus contenidos \u00fanicamente para fines l\u00edcitos, que no infrinjan la legalidad vigente ni los derechos leg\u00edtimos de \u201cAmaia Garc\u00eda\u201d. Adem\u00e1s, el usuario se compromete a no realizar acciones que puedan causar da\u00f1o o perjuicio, directo o indirecto, a la web o a sus usuarios.<\/span><\/p><p>\u00a0<\/p><p><b>Propiedad intelectual, industrial<\/b><\/p><p><span style=\"font-weight: 400;\">Todos los elementos que conforman el sitio web, as\u00ed como su estructura, dise\u00f1o, fotograf\u00edas, iconos, gr\u00e1ficos, im\u00e1genes, c\u00f3digo fuente, logotipos, marcas y dem\u00e1s signos distintivos que aparecen en la misma, son propiedad intelectual de \u201cAmaia Garc\u00eda\u201d o de terceros, salvo que se indique lo contrario. Estos elementos est\u00e1n protegidos por los derechos correspondientes de propiedad intelectual e industrial.\u00a0<\/span><\/p><p>\u00a0<\/p><p><span style=\"font-weight: 400;\">El usuario se compromete a no utilizar la marca gr\u00e1fica ni cualquier otro signo distintivo de \u201cAmaia Garc\u00eda\u201d en su propia p\u00e1gina web, salvo en los casos expresamente autorizados por \u201cAmaia Garc\u00eda\u201d. Cualquier autorizaci\u00f3n deber\u00e1 ser solicitada por escrito a \u201cAmaia Garc\u00eda\u201d.<\/span><\/p><p>\u00a0<\/p><p><span style=\"font-weight: 400;\">Por tanto, el usuario que acceda al sitio web deber\u00e1 respetar en todo momento los derechos de propiedad intelectual e industrial de \u201cAmaia Garc\u00eda\u201d y de terceros.\u00a0<\/span><\/p><p>\u00a0<\/p><p><span style=\"font-weight: 400;\">La reproducci\u00f3n total o parcial, el uso, distribuci\u00f3n y comunicaci\u00f3n p\u00fablica de cualquier elemento protegido en el sitio web requiere la autorizaci\u00f3n previa y por escrito de \u201cAmaia Garc\u00eda\u201d. Cualquier uso no autorizado ser\u00e1 considerado un incumplimiento grave de los derechos de propiedad intelectual o industrial.<\/span><\/p><p><span style=\"font-weight: 400;\">Asimismo, las im\u00e1genes y otros elementos gr\u00e1ficos contenidos en el sitio web est\u00e1n igualmente protegidos por los derechos correspondientes de propiedad intelectual e industrial. El uso, reproducci\u00f3n, distribuci\u00f3n, comunicaci\u00f3n p\u00fablica, transformaci\u00f3n o cualquier otra actividad similar o an\u00e1loga est\u00e1 totalmente prohibida, salvo que medie la autorizaci\u00f3n expresa del titular.<\/span><\/p><p><span style=\"font-weight: 400;\">En cuanto a las menciones de productos y\/o servicios de terceros, el titular del sitio web reconoce a favor de los propietarios los correspondientes derechos de propiedad industrial e intelectual. La simple menci\u00f3n o aparici\u00f3n de dichos productos y\/o servicios en la web no implica la existencia de derechos sobre los mismos, ni patrocinio o recomendaci\u00f3n por parte de \u201cAmaia Garc\u00eda\u201d.<\/span><b><br \/><\/b><\/p><p><span style=\"font-weight: 400;\">Enlaces de terceros a la p\u00e1gina de \u201cAmaia Garc\u00eda\u201d<\/span><\/p><p><span style=\"font-weight: 400;\">Si un usuario desea insertar un enlace desde su p\u00e1gina web hacia el sitio web de \u201cAmaia Garc\u00eda\u201d, deber\u00e1 obtener la autorizaci\u00f3n previa y por escrito de \u201cAmaia Garc\u00eda\u201d.<\/span><\/p><p><span style=\"font-weight: 400;\">El titular del sitio web respeta los derechos de propiedad intelectual e industrial de terceros. Por ello, si considera que en nuestro sitio web se est\u00e1n vulnerando sus derechos, rogamos que se ponga en contacto con el titular de la p\u00e1gina web a trav\u00e9s del siguiente correo electr\u00f3nico: amaiagrl@gmail.com<\/span><\/p><p><b>Exclusi\u00f3n de garant\u00edas y responsabilidad<\/b><\/p><p><span style=\"font-weight: 400;\">El usuario ser\u00e1 responsable de los da\u00f1os y perjuicios de toda naturaleza que \u201cAmaia Garc\u00eda\u201d pueda sufrir como consecuencia del incumplimiento de cualquiera de las obligaciones a las que est\u00e1 sometido seg\u00fan lo establecido en este Aviso Legal.<\/span><\/p><p><b>Protecci\u00f3n de datos<\/b><\/p><p><span style=\"font-weight: 400;\">En aquellos casos en los que se recaben, traten o almacenen datos personales, estos se gestionar\u00e1n conforme a nuestra Pol\u00edtica de Privacidad, la cual est\u00e1 disponible en el pie de p\u00e1gina de esta web para su consulta.<\/span><\/p><p><b>Pol\u00edtica de cookies<\/b><\/p><p><span style=\"font-weight: 400;\">El uso de cookies en esta p\u00e1gina web se regula mediante nuestra Pol\u00edtica de Cookies, la cual se encuentra detallada y disponible para su consulta en el pie de p\u00e1gina de esta web.<\/span><\/p><p><b>Acceso a la p\u00e1gina web<\/b><\/p><p><span style=\"font-weight: 400;\">\u201cAmaia Garc\u00eda\u201d no se responsabiliza de los da\u00f1os o perjuicios de cualquier tipo que pueda sufrir el usuario debido a fallos en las redes de telecomunicaciones que puedan ocasionar la suspensi\u00f3n, cancelaci\u00f3n o interrupci\u00f3n del servicio de la p\u00e1gina web, tanto durante su prestaci\u00f3n como con car\u00e1cter previo.<\/span><\/p><p><b>Calidad del servicio y de los contenidos<\/b><\/p><p><span style=\"font-weight: 400;\">El titular del sitio web no garantiza la ausencia de errores en el acceso a la web ni en su contenido, ni que estos se encuentren actualizados. No obstante, se compromete a realizar los mejores esfuerzos para evitar, subsanar o actualizar cualquier error en su caso. En caso de que el usuario detecte alg\u00fan contenido que considere incorrecto o susceptible de mejora, le rogamos que se ponga en contacto con el titular del sitio web.<\/span><\/p><p>\u00a0<\/p><p><span style=\"font-weight: 400;\">El acceso al sitio web y el uso de la informaci\u00f3n contenida en \u00e9l son responsabilidad exclusiva de quien lo realice.<\/span><\/p><p><span style=\"font-weight: 400;\">Disponibilidad y funcionamiento<\/span><\/p><p><span style=\"font-weight: 400;\">\u201cAmaia Garc\u00eda\u201d intentar\u00e1 garantizar el correcto funcionamiento de la p\u00e1gina web las 24 horas del d\u00eda, los 365 d\u00edas del a\u00f1o. Sin embargo, no se puede descartar la posibilidad de que surjan causas de fuerza mayor, cat\u00e1strofes naturales, huelgas u otras circunstancias que puedan hacer imposible el acceso al sitio web. En consecuencia, \u201cAmaia Garc\u00eda\u201d no se hace responsable de los da\u00f1os y perjuicios de cualquier naturaleza que pudieran derivarse de la falta de disponibilidad, mantenimiento o funcionamiento efectivo de la web, de sus servicios o de los contenidos.<\/span><\/p><p><span style=\"font-weight: 400;\">Seguridad de los contenidos<\/span><\/p><p><span style=\"font-weight: 400;\">Asimismo, \u201cAmaia Garc\u00eda\u201d no se responsabiliza de la existencia de virus, programas maliciosos o lesivos en los contenidos, ni del uso il\u00edcito, negligente o fraudulento que se haga de la p\u00e1gina web o de los servicios. Tampoco es responsable de la falta de licitud, calidad, fiabilidad, utilidad o disponibilidad de los servicios prestados por terceros a trav\u00e9s del sitio web.<\/span><\/p><p><span style=\"font-weight: 400;\">Interrupci\u00f3n del servicio<\/span><\/p><p><span style=\"font-weight: 400;\">\u201cAmaia Garc\u00eda\u201d se reserva el derecho a interrumpir el acceso a su p\u00e1gina web en cualquier momento y sin previo aviso, ya sea por motivos de seguridad, control, mantenimiento, errores de suministro el\u00e9ctrico, o cualquier otra causa. En consecuencia, \u201cAmaia Garc\u00eda\u201d no se responsabiliza de las consecuencias de eventuales interrupciones, ya que no puede garantizar la fiabilidad, disponibilidad ni continuidad de su p\u00e1gina web.<\/span><\/p><p>\u00a0<\/p><p><span style=\"font-weight: 400;\">Colaboraci\u00f3n con autoridades<\/span><\/p><p><span style=\"font-weight: 400;\">En cumplimiento de lo dispuesto en la Ley 34\/2002, de Servicios de la Sociedad de la Informaci\u00f3n y del Comercio Electr\u00f3nico, el titular del sitio web se pone a disposici\u00f3n de los usuarios, autoridades y fuerzas de seguridad, colaborando de manera activa en la retirada o bloqueo de contenidos que puedan contravenir la legislaci\u00f3n nacional o internacional, los derechos de terceros, o la moral y el orden p\u00fablico.<\/span><\/p><p><span style=\"font-weight: 400;\">Enlaces de terceros<\/span><\/p><p><span style=\"font-weight: 400;\">Los enlaces contenidos en nuestro sitio web pueden dirigir a contenidos de terceros. En este sentido, \u201cAmaia Garc\u00eda\u201d act\u00faa como prestador de servicios de intermediaci\u00f3n de acuerdo con el art\u00edculo 17 de la Ley 34\/2002 y solo ser\u00e1 responsable de los contenidos y servicios suministrados en las p\u00e1ginas web de terceros en la medida en que tenga conocimiento efectivo de su ilicitud y no act\u00fae con diligencia para suprimir o inutilizar el enlace.<\/span><\/p><p><span style=\"font-weight: 400;\">Los enlaces tienen como \u00fanico objetivo facilitar la b\u00fasqueda de recursos que puedan ser de inter\u00e9s para el usuario. Sin embargo, \u201cAmaia Garc\u00eda\u201d no asume ninguna responsabilidad sobre los contenidos, informaciones o servicios que puedan aparecer en dichas p\u00e1ginas web, ya que no realiza una revisi\u00f3n exhaustiva de su contenido. En caso de que el usuario considere que un enlace conduce a contenido il\u00edcito, podr\u00e1 comunicarlo a amaiagrl@gmail.com, sin que dicha comunicaci\u00f3n implique una obligaci\u00f3n de retirar el enlace.\u00a0<\/span><\/p><p>\u00a0<\/p><p><span style=\"font-weight: 400;\">El titular del sitio web no se hace responsable del funcionamiento de las p\u00e1ginas enlazadas ni de los posibles da\u00f1os derivados del acceso o uso de dichas p\u00e1ginas.<\/span><\/p><p><span style=\"font-weight: 400;\">El establecimiento de un enlace hacia otra p\u00e1gina web no supone, en ning\u00fan caso, un acuerdo, contrato, patrocinio ni recomendaci\u00f3n por parte de \u201cAmaia Garc\u00eda\u201d.\u00a0<\/span><\/p><p>\u00a0<\/p><p><span style=\"font-weight: 400;\">\u201cAmaia Garc\u00eda\u201d no se responsabiliza ni garantiza la claridad, exactitud, fiabilidad, correcci\u00f3n o moralidad de los contenidos o servicios que las p\u00e1ginas enlazadas puedan ofrecer. El usuario asume bajo su exclusiva responsabilidad las consecuencias, da\u00f1os o acciones que pudieran derivarse del acceso a estas p\u00e1ginas.<\/span><\/p><p><b>Ley Aplicable y jurisdicci\u00f3n<\/b><\/p><p><span style=\"font-weight: 400;\">La ley aplicable en caso de disputa o conflicto relacionado con la interpretaci\u00f3n de los t\u00e9rminos de este Aviso Legal, as\u00ed como cualquier otra cuesti\u00f3n relacionada con los servicios ofrecidos a trav\u00e9s de la p\u00e1gina web de \u201cAmaia Garc\u00eda\u201d, ser\u00e1 la ley espa\u00f1ola.<\/span><\/p><p><span style=\"font-weight: 400;\">Para la resoluci\u00f3n de cualquier conflicto derivado del acceso o uso de la p\u00e1gina web, el usuario y \u201cAmaia Garc\u00eda\u201d, en la medida en que la normativa lo permita, acuerdan someterse a la jurisdicci\u00f3n exclusiva de los Jueces y Tribunales de la ciudad de Barcelona, con renuncia expresa a cualquier otro fuero que pudiera corresponderles, ya sea por raz\u00f3n de su domicilio u otra circunstancia.<\/span><\/p>\t\t\t\t\t\t<\/div>\n\t\t\t\t<\/div>\n\t\t\t\t\t<\/div>\n\t\t\t\t<\/div>\n\t\t\t\t<\/div>","protected":false},"excerpt":{"rendered":"<p>En cumplimiento con lo dispuesto en el art\u00edculo 10 de la Ley 34\/2002, de 11 de julio, de Servicios de [&hellip;]<\/p>\n","protected":false},"author":1,"featured_media":0,"parent":0,"menu_order":0,"comment_status":"closed","ping_status":"closed","template":"","meta":{"site-sidebar-layout":"default","site-content-layout":"","ast-site-content-layout":"","site-content-style":"default","site-sidebar-style":"default","ast-global-header-display":"","ast-banner-title-visibility":"","ast-main-header-display":"","ast-hfb-above-header-display":"","ast-hfb-below-header-display":"","ast-hfb-mobile-header-display":"","site-post-title":"","ast-breadcrumbs-content":"","ast-featured-img":"","footer-sml-layout":"","theme-transparent-header-meta":"","adv-header-id-meta":"","stick-header-meta":"","header-above-stick-meta":"","header-main-stick-meta":"","header-below-stick-meta":"","astra-migrate-meta-layouts":"default","ast-page-background-enabled":"default","ast-page-background-meta":{"desktop":{"background-color":"var(--ast-global-color-4)","background-image":"","background-repeat":"repeat","background-position":"center center","background-size":"auto","background-attachment":"scroll","background-type":"","background-media":"","overlay-type":"","overlay-color":"","overlay-opacity":"","overlay-gradient":""},"tablet":{"background-color":"","background-image":"","background-repeat":"repeat","background-position":"center center","background-size":"auto","background-attachment":"scroll","background-type":"","background-media":"","overlay-type":"","overlay-color":"","overlay-opacity":"","overlay-gradient":""},"mobile":{"background-color":"","background-image":"","background-repeat":"repeat","background-position":"center center","background-size":"auto","background-attachment":"scroll","background-type":"","background-media":"","overlay-type":"","overlay-color":"","overlay-opacity":"","overlay-gradient":""}},"ast-content-background-meta":{"desktop":{"background-color":"var(--ast-global-color-5)","background-image":"","background-repeat":"repeat","background-position":"center center","background-size":"auto","background-attachment":"scroll","background-type":"","background-media":"","overlay-type":"","overlay-color":"","overlay-opacity":"","overlay-gradient":""},"tablet":{"background-color":"var(--ast-global-color-5)","background-image":"","background-repeat":"repeat","background-position":"center center","background-size":"auto","background-attachment":"scroll","background-type":"","background-media":"","overlay-type":"","overlay-color":"","overlay-opacity":"","overlay-gradient":""},"mobile":{"background-color":"var(--ast-global-color-5)","background-image":"","background-repeat":"repeat","background-position":"center center","background-size":"auto","background-attachment":"scroll","background-type":"","background-media":"","overlay-type":"","overlay-color":"","overlay-opacity":"","overlay-gradient":""}},"footnotes":""},"class_list":["post-1485","page","type-page","status-publish","hentry"],"aioseo_notices":[],"_links":{"self":[{"href":"https:\/\/neuroclinicamaia.com\/ca\/wp-json\/wp\/v2\/pages\/1485","targetHints":{"allow":["GET"]}}],"collection":[{"href":"https:\/\/neuroclinicamaia.com\/ca\/wp-json\/wp\/v2\/pages"}],"about":[{"href":"https:\/\/neuroclinicamaia.com\/ca\/wp-json\/wp\/v2\/types\/page"}],"author":[{"embeddable":true,"href":"https:\/\/neuroclinicamaia.com\/ca\/wp-json\/wp\/v2\/users\/1"}],"replies":[{"embeddable":true,"href":"https:\/\/neuroclinicamaia.com\/ca\/wp-json\/wp\/v2\/comments?post=1485"}],"version-history":[{"count":11,"href":"https:\/\/neuroclinicamaia.com\/ca\/wp-json\/wp\/v2\/pages\/1485\/revisions"}],"predecessor-version":[{"id":2709,"href":"https:\/\/neuroclinicamaia.com\/ca\/wp-json\/wp\/v2\/pages\/1485\/revisions\/2709"}],"wp:attachment":[{"href":"https:\/\/neuroclinicamaia.com\/ca\/wp-json\/wp\/v2\/media?parent=1485"}],"curies":[{"name":"wp","href":"https:\/\/api.w.org\/{rel}","templated":true}]}}