{"id":1487,"date":"2024-06-11T11:44:02","date_gmt":"2024-06-11T09:44:02","guid":{"rendered":"https:\/\/neuroclinicamaia.com\/?page_id=1487"},"modified":"2026-03-23T20:05:00","modified_gmt":"2026-03-23T19:05:00","slug":"politica-de-cookies","status":"publish","type":"page","link":"https:\/\/neuroclinicamaia.com\/ca\/politica-de-cookies\/","title":{"rendered":"Pol\u00edtica de Cookies"},"content":{"rendered":"<div data-elementor-type=\"wp-page\" data-elementor-id=\"1487\" class=\"elementor elementor-1487\" data-elementor-post-type=\"page\">\n\t\t\t\t<div class=\"elementor-element elementor-element-1943a0d3 e-flex e-con-boxed e-con e-parent\" data-id=\"1943a0d3\" data-element_type=\"container\">\n\t\t\t\t\t<div class=\"e-con-inner\">\n\t\t\t\t<div class=\"elementor-element elementor-element-1f1930ff elementor-widget elementor-widget-text-editor\" data-id=\"1f1930ff\" data-element_type=\"widget\" data-widget_type=\"text-editor.default\">\n\t\t\t\t<div class=\"elementor-widget-container\">\n\t\t\t\t\t\t\t<p><span style=\"font-weight: 400;\">Las cookies son peque\u00f1os archivos que se instalan en el ordenador del usuario y que permiten al responsable de un servicio mejorar la forma de interactuar entre sus visitantes y su sitio web. En algunos casos, la instalaci\u00f3n de estas cookies requiere del consentimiento del usuario.<\/span><\/p>\n<p><span style=\"font-weight: 400;\">Existen diferentes clases de cookies, afectadas y no afectadas por la Ley:<\/span><\/p>\n<p>\u00a0<\/p>\n<p><span style=\"font-weight: 400;\">Cookies no afectadas:<\/span><\/p>\n<ul>\n<li style=\"font-weight: 400;\" aria-level=\"1\"><span style=\"font-weight: 400;\">T\u00e9cnicas:\u00a0Son necesaria para la navegaci\u00f3n. Sin ellas la p\u00e1gina no funcionar\u00eda adecuadamente.<\/span><\/li>\n<li style=\"font-weight: 400;\" aria-level=\"1\"><span style=\"font-weight: 400;\">De personalizaci\u00f3n o configuraci\u00f3n:\u00a0Permiten que la p\u00e1gina reconozca el idioma del usuario, el tama\u00f1o de letras, etc.<\/span><\/li>\n<li style=\"font-weight: 400;\" aria-level=\"1\"><span style=\"font-weight: 400;\">De seguridad:\u00a0Impiden o dificultan ataques contra el sitio web o sus usuarios.<\/span><\/li>\n<\/ul>\n<p><span style=\"font-weight: 400;\">Cookies afectadas:<\/span><\/p>\n<ul>\n<li style=\"font-weight: 400;\" aria-level=\"1\"><span style=\"font-weight: 400;\">Anal\u00edticas:\u00a0Permiten medir la actividad de los usuarios y elaborar estad\u00edsticas de navegaci\u00f3n.<\/span><\/li>\n<li style=\"font-weight: 400;\" aria-level=\"1\"><span style=\"font-weight: 400;\">Publicitarias:\u00a0Gestionan la frecuencia y el contenido de los anuncios.<\/span><\/li>\n<li style=\"font-weight: 400;\" aria-level=\"1\"><span style=\"font-weight: 400;\">De seguimiento:\u00a0Almacenan informaci\u00f3n sobre los usuarios para mostrarles publicidad personalizada.<\/span><\/li>\n<\/ul>\n<p><span style=\"font-weight: 400;\">Las cookies no necesarias para el funcionamiento del sitio web se basan en el consentimiento del usuario, de acuerdo con el art\u00edculo 6.1.a del Reglamento (UE) 2016\/679 y el art\u00edculo 22.2 de la Ley 34\/2002 (LSSICE).<\/span><\/p>\n<p><span style=\"font-weight: 400;\">\u201cAmaia Garc\u00eda\u201d informa que el sitio web actualmente no utiliza cookies en el dominio neuroclinicamaia.com.<\/span><\/p>\n<p><span style=\"font-weight: 400;\">SERVICIOS DE TERCEROS<\/span><\/p>\n<p><span style=\"font-weight: 400;\">Adicionalmente, \u201cAmaia Garc\u00eda\u201d tiene presencia en portales para los que, si desea conocer las condiciones de privacidad y uso de cookies, deber\u00e1n consultarse las pol\u00edticas proporcionadas por los mismos:<\/span><\/p>\n<p><span style=\"font-weight: 400;\">Facebook: <a href=\"_wp_link_placeholder\" data-wplink-edit=\"true\">https:\/\/www.facebook.com\/policies\/cookies\/<\/a><\/span><\/p>\n<p><span style=\"font-weight: 400;\">Twitter: https:\/\/twitter.com\/privacy<\/span><\/p>\n<p><span style=\"font-weight: 400;\">Youtube: https:\/\/policies.google.com\/technologies\/cookies?hl=es<\/span><\/p>\n<p><span style=\"font-weight: 400;\">Linkedin: http:\/\/www.linkedin.com\/legal\/privacy-policy<\/span><\/p>\n<p><span style=\"font-weight: 400;\">Google: https:\/\/policies.google.com\/technologies\/cookies?hl=es<\/span><\/p>\n<p><span style=\"font-weight: 400;\">Instagram: https:\/\/help.instagram.com\/<\/span><\/p>\n<p>\u00a0<\/p>\t\t\t\t\t\t<\/div>\n\t\t\t\t<\/div>\n\t\t\t\t\t<\/div>\n\t\t\t\t<\/div>\n\t\t\t\t<\/div>","protected":false},"excerpt":{"rendered":"<p>Las cookies son peque\u00f1os archivos que se instalan en el ordenador del usuario y que permiten al responsable de un [&hellip;]<\/p>\n","protected":false},"author":1,"featured_media":0,"parent":0,"menu_order":0,"comment_status":"closed","ping_status":"closed","template":"","meta":{"site-sidebar-layout":"default","site-content-layout":"","ast-site-content-layout":"","site-content-style":"default","site-sidebar-style":"default","ast-global-header-display":"","ast-banner-title-visibility":"","ast-main-header-display":"","ast-hfb-above-header-display":"","ast-hfb-below-header-display":"","ast-hfb-mobile-header-display":"","site-post-title":"","ast-breadcrumbs-content":"","ast-featured-img":"","footer-sml-layout":"","theme-transparent-header-meta":"","adv-header-id-meta":"","stick-header-meta":"","header-above-stick-meta":"","header-main-stick-meta":"","header-below-stick-meta":"","astra-migrate-meta-layouts":"default","ast-page-background-enabled":"default","ast-page-background-meta":{"desktop":{"background-color":"var(--ast-global-color-4)","background-image":"","background-repeat":"repeat","background-position":"center center","background-size":"auto","background-attachment":"scroll","background-type":"","background-media":"","overlay-type":"","overlay-color":"","overlay-opacity":"","overlay-gradient":""},"tablet":{"background-color":"","background-image":"","background-repeat":"repeat","background-position":"center center","background-size":"auto","background-attachment":"scroll","background-type":"","background-media":"","overlay-type":"","overlay-color":"","overlay-opacity":"","overlay-gradient":""},"mobile":{"background-color":"","background-image":"","background-repeat":"repeat","background-position":"center center","background-size":"auto","background-attachment":"scroll","background-type":"","background-media":"","overlay-type":"","overlay-color":"","overlay-opacity":"","overlay-gradient":""}},"ast-content-background-meta":{"desktop":{"background-color":"var(--ast-global-color-5)","background-image":"","background-repeat":"repeat","background-position":"center center","background-size":"auto","background-attachment":"scroll","background-type":"","background-media":"","overlay-type":"","overlay-color":"","overlay-opacity":"","overlay-gradient":""},"tablet":{"background-color":"var(--ast-global-color-5)","background-image":"","background-repeat":"repeat","background-position":"center center","background-size":"auto","background-attachment":"scroll","background-type":"","background-media":"","overlay-type":"","overlay-color":"","overlay-opacity":"","overlay-gradient":""},"mobile":{"background-color":"var(--ast-global-color-5)","background-image":"","background-repeat":"repeat","background-position":"center center","background-size":"auto","background-attachment":"scroll","background-type":"","background-media":"","overlay-type":"","overlay-color":"","overlay-opacity":"","overlay-gradient":""}},"footnotes":""},"class_list":["post-1487","page","type-page","status-publish","hentry"],"aioseo_notices":[],"_links":{"self":[{"href":"https:\/\/neuroclinicamaia.com\/ca\/wp-json\/wp\/v2\/pages\/1487","targetHints":{"allow":["GET"]}}],"collection":[{"href":"https:\/\/neuroclinicamaia.com\/ca\/wp-json\/wp\/v2\/pages"}],"about":[{"href":"https:\/\/neuroclinicamaia.com\/ca\/wp-json\/wp\/v2\/types\/page"}],"author":[{"embeddable":true,"href":"https:\/\/neuroclinicamaia.com\/ca\/wp-json\/wp\/v2\/users\/1"}],"replies":[{"embeddable":true,"href":"https:\/\/neuroclinicamaia.com\/ca\/wp-json\/wp\/v2\/comments?post=1487"}],"version-history":[{"count":6,"href":"https:\/\/neuroclinicamaia.com\/ca\/wp-json\/wp\/v2\/pages\/1487\/revisions"}],"predecessor-version":[{"id":2712,"href":"https:\/\/neuroclinicamaia.com\/ca\/wp-json\/wp\/v2\/pages\/1487\/revisions\/2712"}],"wp:attachment":[{"href":"https:\/\/neuroclinicamaia.com\/ca\/wp-json\/wp\/v2\/media?parent=1487"}],"curies":[{"name":"wp","href":"https:\/\/api.w.org\/{rel}","templated":true}]}}