{"id":16,"date":"2024-05-31T13:14:26","date_gmt":"2024-05-31T11:14:26","guid":{"rendered":"https:\/\/neuroclinicamaia.com\/about\/"},"modified":"2026-03-22T19:57:15","modified_gmt":"2026-03-22T18:57:15","slug":"quien-soy","status":"publish","type":"page","link":"https:\/\/neuroclinicamaia.com\/ca\/quien-soy\/","title":{"rendered":"Qui soc"},"content":{"rendered":"\t\t<div data-elementor-type=\"wp-page\" data-elementor-id=\"16\" class=\"elementor elementor-16\" data-elementor-post-type=\"page\">\n\t\t\t\t<div class=\"elementor-element elementor-element-7f922c6 e-flex e-con-boxed e-con e-parent\" data-id=\"7f922c6\" data-element_type=\"container\" data-settings=\"{&quot;background_background&quot;:&quot;classic&quot;,&quot;background_motion_fx_motion_fx_scrolling&quot;:&quot;yes&quot;,&quot;background_motion_fx_devices&quot;:[&quot;desktop&quot;,&quot;tablet&quot;,&quot;mobile&quot;]}\">\n\t\t\t\t\t<div class=\"e-con-inner\">\n\t\t\t\t<div class=\"elementor-element elementor-element-2d7b32d elementor-widget elementor-widget-heading\" data-id=\"2d7b32d\" data-element_type=\"widget\" data-widget_type=\"heading.default\">\n\t\t\t\t<div class=\"elementor-widget-container\">\n\t\t\t<h2 class=\"elementor-heading-title elementor-size-default\">Qui\u00e9n soy<\/h2>\t\t<\/div>\n\t\t\t\t<\/div>\n\t\t\t\t\t<\/div>\n\t\t\t\t<\/div>\n\t\t<div class=\"elementor-element elementor-element-1f19cca e-flex e-con-boxed e-con e-parent\" data-id=\"1f19cca\" data-element_type=\"container\">\n\t\t\t\t\t<div class=\"e-con-inner\">\n\t\t<div class=\"elementor-element elementor-element-a6c4c0a e-con-full e-flex e-con e-child\" data-id=\"a6c4c0a\" data-element_type=\"container\">\n\t\t\t\t<div class=\"elementor-element elementor-element-e094ce1 elementor-widget elementor-widget-heading\" data-id=\"e094ce1\" data-element_type=\"widget\" data-widget_type=\"heading.default\">\n\t\t\t\t<div class=\"elementor-widget-container\">\n\t\t\t<h3 class=\"elementor-heading-title elementor-size-default\">AMAIA GARC\u00cdA RODR\u00cdGUEZ<\/h3>\t\t<\/div>\n\t\t\t\t<\/div>\n\t\t\t\t<div class=\"elementor-element elementor-element-fd083bc elementor-widget elementor-widget-image\" data-id=\"fd083bc\" data-element_type=\"widget\" data-widget_type=\"image.default\">\n\t\t\t\t<div class=\"elementor-widget-container\">\n\t\t\t\t\t\t\t\t\t\t\t\t\t<img fetchpriority=\"high\" decoding=\"async\" width=\"683\" height=\"1024\" src=\"https:\/\/neuroclinicamaia.com\/wp-content\/uploads\/2026\/02\/Amaia-683x1024.jpg\" class=\"attachment-large size-large wp-image-2487\" alt=\"\" srcset=\"https:\/\/neuroclinicamaia.com\/wp-content\/uploads\/2026\/02\/Amaia-683x1024.jpg 683w, https:\/\/neuroclinicamaia.com\/wp-content\/uploads\/2026\/02\/Amaia-200x300.jpg 200w, https:\/\/neuroclinicamaia.com\/wp-content\/uploads\/2026\/02\/Amaia-768x1152.jpg 768w, https:\/\/neuroclinicamaia.com\/wp-content\/uploads\/2026\/02\/Amaia.jpg 1024w\" sizes=\"(max-width: 683px) 100vw, 683px\" \/>\t\t\t\t\t\t\t\t\t\t\t\t\t<\/div>\n\t\t\t\t<\/div>\n\t\t\t\t<\/div>\n\t\t<div class=\"elementor-element elementor-element-3d7b73f e-con-full e-flex e-con e-child\" data-id=\"3d7b73f\" data-element_type=\"container\">\n\t\t\t\t<div class=\"elementor-element elementor-element-a19e392 elementor-widget elementor-widget-image-box\" data-id=\"a19e392\" data-element_type=\"widget\" data-widget_type=\"image-box.default\">\n\t\t\t\t<div class=\"elementor-widget-container\">\n\t\t\t<div class=\"elementor-image-box-wrapper\"><div class=\"elementor-image-box-content\"><p class=\"elementor-image-box-description\">Me licenci\u00e9 en Psicolog\u00eda por la Universidad del Pa\u00eds Vasco. Desde peque\u00f1a tuve claro que me\nquer\u00eda dedicar a ayudar a los dem\u00e1s y que quer\u00eda estudiar Psicolog\u00eda. Durante la carrera\ndescubr\u00ed la Neuropsicolog\u00eda, me encant\u00f3 y decid\u00ed mudarme a Barcelona para poder realizar el\nm\u00e1ster de Neuropsicolog\u00eda Cl\u00ednica Infantil y de Adultos (UAB). Estoy acreditada como Psic\u00f3loga General Sanitaria y como experta en Neuropsicolog\u00eda Cl\u00ednica.\nDesde que me licenci\u00e9 sigo en continua formaci\u00f3n acudiendo a seminarios y congresos y\nrealizando cursos y talleres para ampliar mis conocimientos y poder ofrecer el mejor servicio a\nlas familias. Tengo una amplia experiencia en valoraci\u00f3n, diagn\u00f3stico e intervenci\u00f3n de\ntrastornos del neurodesarrollo y otros trastornos y condiciones que pueden afectar a las\nfunciones cognitivas, al aprendizaje, a nivel conductual, social y emocional. Actualmente,\ncombino el trabajo en mi consulta privada en el Clot con colaboraciones con el Departamento\nde Pediatr\u00eda de Paido Salud Infantil, el centro Nexum y la Asociaci\u00f3n Catalana del S\u00edndrome de\nTurner. Paralelamente, soy profesora colaboradora en la Universitat Oberta de Catalunya (UOC).\nTambi\u00e9n, he participado como investigadora principal en el estudio <i>\"PRODISCAT Pedi\u00e0tric: un q\u00fcestionari \u00fatil per detectar la disl\u00e8xia en pediatria\" <i>\n<\/i><\/i> y como ponente en diferentes jornadas.<\/p><\/div><\/div>\t\t<\/div>\n\t\t\t\t<\/div>\n\t\t\t\t<div class=\"elementor-element elementor-element-1bbe9db elementor-widget elementor-widget-heading\" data-id=\"1bbe9db\" data-element_type=\"widget\" data-widget_type=\"heading.default\">\n\t\t\t\t<div class=\"elementor-widget-container\">\n\t\t\t<p class=\"elementor-heading-title elementor-size-default\">Aparte de mi despacho privado del Clot colaboro con:<\/p>\t\t<\/div>\n\t\t\t\t<\/div>\n\t\t\t\t<div class=\"elementor-element elementor-element-19ae283 elementor-widget elementor-widget-image\" data-id=\"19ae283\" data-element_type=\"widget\" data-widget_type=\"image.default\">\n\t\t\t\t<div class=\"elementor-widget-container\">\n\t\t\t\t\t\t\t\t\t\t\t\t\t<img decoding=\"async\" width=\"1024\" height=\"201\" src=\"https:\/\/neuroclinicamaia.com\/wp-content\/uploads\/2026\/02\/logos_-1024x201.png\" class=\"attachment-large size-large wp-image-2511\" alt=\"\" srcset=\"https:\/\/neuroclinicamaia.com\/wp-content\/uploads\/2026\/02\/logos_-1024x201.png 1024w, https:\/\/neuroclinicamaia.com\/wp-content\/uploads\/2026\/02\/logos_-300x59.png 300w, https:\/\/neuroclinicamaia.com\/wp-content\/uploads\/2026\/02\/logos_-768x151.png 768w, https:\/\/neuroclinicamaia.com\/wp-content\/uploads\/2026\/02\/logos_.png 1069w\" sizes=\"(max-width: 1024px) 100vw, 1024px\" \/>\t\t\t\t\t\t\t\t\t\t\t\t\t<\/div>\n\t\t\t\t<\/div>\n\t\t\t\t<div class=\"elementor-element elementor-element-0da763a elementor-widget elementor-widget-button\" data-id=\"0da763a\" data-element_type=\"widget\" data-widget_type=\"button.default\">\n\t\t\t\t<div class=\"elementor-widget-container\">\n\t\t\t\t\t<div class=\"elementor-button-wrapper\">\n\t\t\t<a class=\"elementor-button elementor-button-link elementor-size-sm\" href=\"https:\/\/neuroclinicamaia.com\/contacto\/\">\n\t\t\t\t\t\t<span class=\"elementor-button-content-wrapper\">\n\t\t\t\t\t\t\t\t\t<span class=\"elementor-button-text\">CONTACTO<\/span>\n\t\t\t\t\t<\/span>\n\t\t\t\t\t<\/a>\n\t\t<\/div>\n\t\t\t\t<\/div>\n\t\t\t\t<\/div>\n\t\t\t\t<\/div>\n\t\t\t\t\t<\/div>\n\t\t\t\t<\/div>\n\t\t\t\t<\/div>\n\t\t","protected":false},"excerpt":{"rendered":"<p>Qui\u00e9n soy AMAIA GARC\u00cdA RODR\u00cdGUEZ Me licenci\u00e9 en Psicolog\u00eda por la Universidad del Pa\u00eds Vasco. Desde peque\u00f1a tuve claro que [&hellip;]<\/p>\n","protected":false},"author":1,"featured_media":0,"parent":0,"menu_order":0,"comment_status":"closed","ping_status":"closed","template":"","meta":{"site-sidebar-layout":"no-sidebar","site-content-layout":"","ast-site-content-layout":"full-width-container","site-content-style":"default","site-sidebar-style":"default","ast-global-header-display":"","ast-banner-title-visibility":"","ast-main-header-display":"","ast-hfb-above-header-display":"","ast-hfb-below-header-display":"","ast-hfb-mobile-header-display":"","site-post-title":"disabled","ast-breadcrumbs-content":"","ast-featured-img":"disabled","footer-sml-layout":"","theme-transparent-header-meta":"enabled","adv-header-id-meta":"","stick-header-meta":"","header-above-stick-meta":"","header-main-stick-meta":"","header-below-stick-meta":"","astra-migrate-meta-layouts":"default","ast-page-background-enabled":"default","ast-page-background-meta":{"desktop":{"background-color":"var(--ast-global-color-4)","background-image":"","background-repeat":"repeat","background-position":"center center","background-size":"auto","background-attachment":"scroll","background-type":"","background-media":"","overlay-type":"","overlay-color":"","overlay-opacity":"","overlay-gradient":""},"tablet":{"background-color":"","background-image":"","background-repeat":"repeat","background-position":"center center","background-size":"auto","background-attachment":"scroll","background-type":"","background-media":"","overlay-type":"","overlay-color":"","overlay-opacity":"","overlay-gradient":""},"mobile":{"background-color":"","background-image":"","background-repeat":"repeat","background-position":"center center","background-size":"auto","background-attachment":"scroll","background-type":"","background-media":"","overlay-type":"","overlay-color":"","overlay-opacity":"","overlay-gradient":""}},"ast-content-background-meta":{"desktop":{"background-color":"var(--ast-global-color-5)","background-image":"","background-repeat":"repeat","background-position":"center center","background-size":"auto","background-attachment":"scroll","background-type":"","background-media":"","overlay-type":"","overlay-color":"","overlay-opacity":"","overlay-gradient":""},"tablet":{"background-color":"var(--ast-global-color-5)","background-image":"","background-repeat":"repeat","background-position":"center center","background-size":"auto","background-attachment":"scroll","background-type":"","background-media":"","overlay-type":"","overlay-color":"","overlay-opacity":"","overlay-gradient":""},"mobile":{"background-color":"var(--ast-global-color-5)","background-image":"","background-repeat":"repeat","background-position":"center center","background-size":"auto","background-attachment":"scroll","background-type":"","background-media":"","overlay-type":"","overlay-color":"","overlay-opacity":"","overlay-gradient":""}},"footnotes":""},"class_list":["post-16","page","type-page","status-publish","hentry"],"aioseo_notices":[],"_links":{"self":[{"href":"https:\/\/neuroclinicamaia.com\/ca\/wp-json\/wp\/v2\/pages\/16","targetHints":{"allow":["GET"]}}],"collection":[{"href":"https:\/\/neuroclinicamaia.com\/ca\/wp-json\/wp\/v2\/pages"}],"about":[{"href":"https:\/\/neuroclinicamaia.com\/ca\/wp-json\/wp\/v2\/types\/page"}],"author":[{"embeddable":true,"href":"https:\/\/neuroclinicamaia.com\/ca\/wp-json\/wp\/v2\/users\/1"}],"replies":[{"embeddable":true,"href":"https:\/\/neuroclinicamaia.com\/ca\/wp-json\/wp\/v2\/comments?post=16"}],"version-history":[{"count":152,"href":"https:\/\/neuroclinicamaia.com\/ca\/wp-json\/wp\/v2\/pages\/16\/revisions"}],"predecessor-version":[{"id":2677,"href":"https:\/\/neuroclinicamaia.com\/ca\/wp-json\/wp\/v2\/pages\/16\/revisions\/2677"}],"wp:attachment":[{"href":"https:\/\/neuroclinicamaia.com\/ca\/wp-json\/wp\/v2\/media?parent=16"}],"curies":[{"name":"wp","href":"https:\/\/api.w.org\/{rel}","templated":true}]}}