{"id":2367,"date":"2025-12-17T20:24:46","date_gmt":"2025-12-17T19:24:46","guid":{"rendered":"https:\/\/neuroclinicamaia.com\/?page_id=2367"},"modified":"2026-03-01T21:44:08","modified_gmt":"2026-03-01T20:44:08","slug":"supervisiones-a-profesionales","status":"publish","type":"page","link":"https:\/\/neuroclinicamaia.com\/ca\/supervisiones-a-profesionales\/","title":{"rendered":"Supervisions a professionals"},"content":{"rendered":"\t\t<div data-elementor-type=\"wp-page\" data-elementor-id=\"2367\" class=\"elementor elementor-2367\" data-elementor-post-type=\"page\">\n\t\t\t\t<div class=\"elementor-element elementor-element-7f922c6 e-flex e-con-boxed e-con e-parent\" data-id=\"7f922c6\" data-element_type=\"container\" data-settings=\"{&quot;background_background&quot;:&quot;classic&quot;,&quot;background_motion_fx_motion_fx_scrolling&quot;:&quot;yes&quot;,&quot;background_motion_fx_devices&quot;:[&quot;desktop&quot;,&quot;tablet&quot;,&quot;mobile&quot;]}\">\n\t\t\t\t\t<div class=\"e-con-inner\">\n\t\t\t\t<div class=\"elementor-element elementor-element-2d7b32d elementor-widget elementor-widget-heading\" data-id=\"2d7b32d\" data-element_type=\"widget\" data-widget_type=\"heading.default\">\n\t\t\t\t<div class=\"elementor-widget-container\">\n\t\t\t<h2 class=\"elementor-heading-title elementor-size-default\">Supervisiones a profesionales<\/h2>\t\t<\/div>\n\t\t\t\t<\/div>\n\t\t\t\t\t<\/div>\n\t\t\t\t<\/div>\n\t\t<div class=\"elementor-element elementor-element-1f19cca e-flex e-con-boxed e-con e-parent\" data-id=\"1f19cca\" data-element_type=\"container\">\n\t\t\t\t\t<div class=\"e-con-inner\">\n\t\t<div class=\"elementor-element elementor-element-a6c4c0a e-con-full e-flex e-con e-child\" data-id=\"a6c4c0a\" data-element_type=\"container\">\n\t\t\t\t<div class=\"elementor-element elementor-element-fd083bc elementor-widget elementor-widget-image\" data-id=\"fd083bc\" data-element_type=\"widget\" data-widget_type=\"image.default\">\n\t\t\t\t<div class=\"elementor-widget-container\">\n\t\t\t\t\t\t\t\t\t\t\t\t\t<img fetchpriority=\"high\" decoding=\"async\" width=\"1024\" height=\"619\" src=\"https:\/\/neuroclinicamaia.com\/wp-content\/uploads\/2026\/02\/IMG_8471-1024x619.jpeg\" class=\"attachment-large size-large wp-image-2488\" alt=\"\" srcset=\"https:\/\/neuroclinicamaia.com\/wp-content\/uploads\/2026\/02\/IMG_8471-1024x619.jpeg 1024w, https:\/\/neuroclinicamaia.com\/wp-content\/uploads\/2026\/02\/IMG_8471-300x181.jpeg 300w, https:\/\/neuroclinicamaia.com\/wp-content\/uploads\/2026\/02\/IMG_8471-768x465.jpeg 768w, https:\/\/neuroclinicamaia.com\/wp-content\/uploads\/2026\/02\/IMG_8471-1536x929.jpeg 1536w, https:\/\/neuroclinicamaia.com\/wp-content\/uploads\/2026\/02\/IMG_8471-2048x1239.jpeg 2048w\" sizes=\"(max-width: 1024px) 100vw, 1024px\" \/>\t\t\t\t\t\t\t\t\t\t\t\t\t<\/div>\n\t\t\t\t<\/div>\n\t\t\t\t<\/div>\n\t\t<div class=\"elementor-element elementor-element-3d7b73f e-con-full e-flex e-con e-child\" data-id=\"3d7b73f\" data-element_type=\"container\">\n\t\t\t\t<div class=\"elementor-element elementor-element-a19e392 elementor-widget elementor-widget-image-box\" data-id=\"a19e392\" data-element_type=\"widget\" data-widget_type=\"image-box.default\">\n\t\t\t\t<div class=\"elementor-widget-container\">\n\t\t\t<div class=\"elementor-image-box-wrapper\"><div class=\"elementor-image-box-content\"><p class=\"elementor-image-box-description\">Estas sesiones de supervisi\u00f3n est\u00e1n pensadas para acompa\u00f1ar a profesionales de la salud o de la educaci\u00f3n en la revisi\u00f3n y an\u00e1lisis de casos para resolver dudas y brindar apoyo ante los desaf\u00edos que pueden surgir en la pr\u00e1ctica tanto a nivel de diagn\u00f3stico como de intervenci\u00f3n. \n<br><br>\nSi est\u00e1s interesada\/o en profundizar en tu trabajo o simplemente en contar con un espacio de apoyo profesional, ponte en contacto conmigo y reserva tu sesi\u00f3n.\n<\/p><\/div><\/div>\t\t<\/div>\n\t\t\t\t<\/div>\n\t\t\t\t<div class=\"elementor-element elementor-element-0da763a elementor-widget elementor-widget-button\" data-id=\"0da763a\" data-element_type=\"widget\" data-widget_type=\"button.default\">\n\t\t\t\t<div class=\"elementor-widget-container\">\n\t\t\t\t\t<div class=\"elementor-button-wrapper\">\n\t\t\t<a class=\"elementor-button elementor-button-link elementor-size-sm\" href=\"https:\/\/neuroclinicamaia.com\/contacto\/\">\n\t\t\t\t\t\t<span class=\"elementor-button-content-wrapper\">\n\t\t\t\t\t\t\t\t\t<span class=\"elementor-button-text\">CONTACTO<\/span>\n\t\t\t\t\t<\/span>\n\t\t\t\t\t<\/a>\n\t\t<\/div>\n\t\t\t\t<\/div>\n\t\t\t\t<\/div>\n\t\t\t\t<\/div>\n\t\t\t\t\t<\/div>\n\t\t\t\t<\/div>\n\t\t\t\t<\/div>\n\t\t","protected":false},"excerpt":{"rendered":"<p>Supervisiones a profesionales Estas sesiones de supervisi\u00f3n est\u00e1n pensadas para acompa\u00f1ar a profesionales de la salud o de la educaci\u00f3n [&hellip;]<\/p>\n","protected":false},"author":1,"featured_media":0,"parent":0,"menu_order":0,"comment_status":"closed","ping_status":"closed","template":"","meta":{"site-sidebar-layout":"no-sidebar","site-content-layout":"","ast-site-content-layout":"full-width-container","site-content-style":"default","site-sidebar-style":"default","ast-global-header-display":"","ast-banner-title-visibility":"","ast-main-header-display":"","ast-hfb-above-header-display":"","ast-hfb-below-header-display":"","ast-hfb-mobile-header-display":"","site-post-title":"disabled","ast-breadcrumbs-content":"","ast-featured-img":"disabled","footer-sml-layout":"","theme-transparent-header-meta":"enabled","adv-header-id-meta":"","stick-header-meta":"","header-above-stick-meta":"","header-main-stick-meta":"","header-below-stick-meta":"","astra-migrate-meta-layouts":"default","ast-page-background-enabled":"default","ast-page-background-meta":{"desktop":{"background-color":"var(--ast-global-color-4)","background-image":"","background-repeat":"repeat","background-position":"center center","background-size":"auto","background-attachment":"scroll","background-type":"","background-media":"","overlay-type":"","overlay-color":"","overlay-opacity":"","overlay-gradient":""},"tablet":{"background-color":"","background-image":"","background-repeat":"repeat","background-position":"center center","background-size":"auto","background-attachment":"scroll","background-type":"","background-media":"","overlay-type":"","overlay-color":"","overlay-opacity":"","overlay-gradient":""},"mobile":{"background-color":"","background-image":"","background-repeat":"repeat","background-position":"center center","background-size":"auto","background-attachment":"scroll","background-type":"","background-media":"","overlay-type":"","overlay-color":"","overlay-opacity":"","overlay-gradient":""}},"ast-content-background-meta":{"desktop":{"background-color":"var(--ast-global-color-5)","background-image":"","background-repeat":"repeat","background-position":"center center","background-size":"auto","background-attachment":"scroll","background-type":"","background-media":"","overlay-type":"","overlay-color":"","overlay-opacity":"","overlay-gradient":""},"tablet":{"background-color":"var(--ast-global-color-5)","background-image":"","background-repeat":"repeat","background-position":"center center","background-size":"auto","background-attachment":"scroll","background-type":"","background-media":"","overlay-type":"","overlay-color":"","overlay-opacity":"","overlay-gradient":""},"mobile":{"background-color":"var(--ast-global-color-5)","background-image":"","background-repeat":"repeat","background-position":"center center","background-size":"auto","background-attachment":"scroll","background-type":"","background-media":"","overlay-type":"","overlay-color":"","overlay-opacity":"","overlay-gradient":""}},"footnotes":""},"class_list":["post-2367","page","type-page","status-publish","hentry"],"aioseo_notices":[],"_links":{"self":[{"href":"https:\/\/neuroclinicamaia.com\/ca\/wp-json\/wp\/v2\/pages\/2367","targetHints":{"allow":["GET"]}}],"collection":[{"href":"https:\/\/neuroclinicamaia.com\/ca\/wp-json\/wp\/v2\/pages"}],"about":[{"href":"https:\/\/neuroclinicamaia.com\/ca\/wp-json\/wp\/v2\/types\/page"}],"author":[{"embeddable":true,"href":"https:\/\/neuroclinicamaia.com\/ca\/wp-json\/wp\/v2\/users\/1"}],"replies":[{"embeddable":true,"href":"https:\/\/neuroclinicamaia.com\/ca\/wp-json\/wp\/v2\/comments?post=2367"}],"version-history":[{"count":39,"href":"https:\/\/neuroclinicamaia.com\/ca\/wp-json\/wp\/v2\/pages\/2367\/revisions"}],"predecessor-version":[{"id":2649,"href":"https:\/\/neuroclinicamaia.com\/ca\/wp-json\/wp\/v2\/pages\/2367\/revisions\/2649"}],"wp:attachment":[{"href":"https:\/\/neuroclinicamaia.com\/ca\/wp-json\/wp\/v2\/media?parent=2367"}],"curies":[{"name":"wp","href":"https:\/\/api.w.org\/{rel}","templated":true}]}}