{"id":3,"date":"2024-05-31T12:56:41","date_gmt":"2024-05-31T10:56:41","guid":{"rendered":"https:\/\/neuroclinicamaia.com\/?page_id=3"},"modified":"2026-03-23T20:08:29","modified_gmt":"2026-03-23T19:08:29","slug":"politica-privacidad","status":"publish","type":"page","link":"https:\/\/neuroclinicamaia.com\/ca\/politica-privacidad\/","title":{"rendered":"Pol\u00edtica de privacitat"},"content":{"rendered":"<div data-elementor-type=\"wp-page\" data-elementor-id=\"3\" class=\"elementor elementor-3\" data-elementor-post-type=\"page\">\n\t\t\t\t<div class=\"elementor-element elementor-element-4fa9843c e-flex e-con-boxed e-con e-parent\" data-id=\"4fa9843c\" data-element_type=\"container\">\n\t\t\t\t\t<div class=\"e-con-inner\">\n\t\t\t\t<div class=\"elementor-element elementor-element-1133aa52 elementor-widget elementor-widget-text-editor\" data-id=\"1133aa52\" data-element_type=\"widget\" data-widget_type=\"text-editor.default\">\n\t\t\t\t<div class=\"elementor-widget-container\">\n\t\t\t\t\t\t\t<table>\n<tbody>\n<tr>\n<td colspan=\"3\">\n<p><b>Informaci\u00f3n b\u00e1sica sobre Protecci\u00f3n de Datos<\/b><\/p>\n<\/td>\n<\/tr>\n<tr>\n<td>\n<p><b>Responsable<\/b><\/p>\n<\/td>\n<td>\n<p><span style=\"font-weight: 400;\">AMAIA GARC\u00cdA RODR\u00cdGUEZ<\/span><\/p>\n<p><span style=\"font-weight: 400;\">DNI: 72748432F<\/span><\/p>\n<p><span style=\"font-weight: 400;\">C\/ de Ponent, num. 160-162, 08912, Badalona\u00a0<\/span><\/p>\n<p><span style=\"font-weight: 400;\">Telf: 635 203 109<\/span><\/p>\n<p><span style=\"font-weight: 400;\">amaiagrl@gmail.com<\/span><\/p>\n<\/td>\n<\/tr>\n<tr>\n<td>\n<p><b>Finalidad<\/b><\/p>\n<\/td>\n<td>\n<p><b>Consultas, reservas de cita y solicitudes de informaci\u00f3n de terceros<\/b><span style=\"font-weight: 400;\">: Gesti\u00f3n y respuesta a las consultas, reservas de cita y solicitudes de informaci\u00f3n realizadas a trav\u00e9s de los medios de contacto de la p\u00e1gina web, incluyendo la gesti\u00f3n administrativa interna necesaria para atender dichas solicitudes.<\/span><\/p>\n<\/td>\n<\/tr>\n<tr>\n<td>\n<p><b>Legitimaci\u00f3n<\/b><\/p>\n<\/td>\n<td>\n<p><b>Consultas, reservas de cita y solicitudes de informaci\u00f3n de terceros<\/b><span style=\"font-weight: 400;\">: El tratamiento de los datos personales se basa en:\u00a0<\/span><\/p>\n<p><span style=\"font-weight: 400;\">\u00b7 Consentimiento expreso proporcionado mediante el formulario de contacto u otros canales similares.\u00a0<\/span><\/p>\n<p><span style=\"font-weight: 400;\">\u00b7 Inter\u00e9s leg\u00edtimo de \u201cAmaia Garc\u00eda\u201d para gestionar y responder las consultas y solicitudes de informaci\u00f3n planteadas por el interesado.<\/span><\/p>\n<\/td>\n<\/tr>\n<tr>\n<td>\n<p><b>Conservaci\u00f3n<\/b><\/p>\n<\/td>\n<td>\n<p><span style=\"font-weight: 400;\">Los datos personales ser\u00e1n conservados mientras sean necesarios para cumplir con la finalidad para la cual fueron recabados. Una vez alcanzada dicha finalidad, los datos se bloquear\u00e1n y quedar\u00e1n disponibles \u00fanicamente para atender posibles responsabilidades legales, administrativas o judiciales durante los plazos de prescripci\u00f3n aplicables. Tras este periodo, los datos ser\u00e1n eliminados de forma segura. En la segunda capa informativa se detallan los plazos espec\u00edficos de conservaci\u00f3n aplicables a cada categor\u00eda de datos.<\/span><\/p>\n<\/td>\n<\/tr>\n<tr>\n<td>\n<p><b>Procedencia<\/b><\/p>\n<\/td>\n<td>\n<p><b>Consultas, reservas de cita y solicitudes de informaci\u00f3n de terceros<\/b><span style=\"font-weight: 400;\">: Los datos son proporcionados directamente por el propio interesado o por su representante legal mediante los canales habilitados en la web. Se solicita que los datos facilitados sean veraces y exactos, siendo el interesado responsable de su veracidad.<\/span><\/p>\n<\/td>\n<\/tr>\n<tr>\n<td>\n<p><b>Destinatarios<\/b><\/p>\n<\/td>\n<td>\n<p><span style=\"font-weight: 400;\">Los datos personales ser\u00e1n tratados exclusivamente por \u201cAmaia Garc\u00eda\u201d. Asimismo, podr\u00e1n ser compartidos con prestadores de servicios que act\u00faan como encargados del tratamiento, quienes nos asisten en la prestaci\u00f3n de servicios necesarios para el cumplimiento de las finalidades. Estos encargados han formalizado el correspondiente contrato de encargo del tratamiento en cumplimiento del art\u00edculo 28 del RGPD, asegurando medidas adecuadas de protecci\u00f3n y confidencialidad.<\/span><\/p>\n<\/td>\n<\/tr>\n<tr>\n<td>\n<p><b>Transferencias internacionales<\/b><\/p>\n<\/td>\n<td>\n<p><span style=\"font-weight: 400;\">No se realizan transferencias internacionales de los datos personales.<\/span><\/p>\n<\/td>\n<\/tr>\n<tr>\n<td>\n<p><b>Derechos<\/b><\/p>\n<\/td>\n<td>\n<p><span style=\"font-weight: 400;\">Acceso, rectificaci\u00f3n, oposici\u00f3n, supresi\u00f3n, limitaci\u00f3n del tratamiento y portabilidad de los datos personales, como se explica en el correspondiente apartado.\u00a0<\/span><\/p>\n<\/td>\n<\/tr>\n<tr>\n<td>\n<p><b>Informaci\u00f3n adicional<\/b><\/p>\n<\/td>\n<td>\n<p><span style=\"font-weight: 400;\">Puede consultar la informaci\u00f3n adicional y detallada sobre Protecci\u00f3n de Datos en el desglose de apartados que le presentamos a continuaci\u00f3n (segunda capa informativa).<\/span><\/p>\n<\/td>\n<\/tr>\n<\/tbody>\n<\/table>\n<p><br \/><span style=\"font-weight: 400;\"><br \/><\/span><\/p>\n<p><b>Informaci\u00f3n general<\/b><\/p>\n<p><span style=\"font-weight: 400;\">La presente Pol\u00edtica de Privacidad tiene como finalidad dar a conocer las condiciones que rigen la recogida y tratamiento de sus datos personales por parte de nuestra entidad para velar por los derechos fundamentales, su honor y libertades, todo ello en cumplimiento de las normativas vigentes que regulan la Protecci\u00f3n de Datos personales: el Reglamento 2016\/679, del Parlamento Europeo y del Consejo, del 27 de abril de 2016, relativo a la protecci\u00f3n de las personas f\u00edsicas en lo que respecta al tratamiento de datos personales y a la circulaci\u00f3n de estos datos, (en adelante RGPD); y la Ley Org\u00e1nica 3\/2018, de 5 de diciembre, de Protecci\u00f3n de Datos Personales y garant\u00eda de los derechos digitales (en adelante LOPDGDD).<\/span><\/p>\n<p>\u00a0<\/p>\n<p><span style=\"font-weight: 400;\">En conformidad con dichas normativas, necesitamos disponer de su autorizaci\u00f3n y consentimiento para la recogida y el tratamiento de sus datos personales, por lo que a continuaci\u00f3n, le indicamos todos los detalles de su inter\u00e9s respecto a c\u00f3mo realizamos estos procesos, con qu\u00e9 finalidades, que otras entidades podr\u00edan tener acceso a sus datos y cu\u00e1les son sus derechos.<\/span><\/p>\n<p><b>Responsable. \u00bfQui\u00e9n es el Responsable del tratamiento de sus datos?<\/b><\/p>\n<p><span style=\"font-weight: 400;\">El Responsable del Tratamiento de Datos es aquella persona f\u00edsica o jur\u00eddica, de naturaleza p\u00fablica o privada, u \u00f3rgano administrativo, que solo o conjuntamente con otros determine los fines y medios del tratamiento de datos personales.<\/span><\/p>\n<p>\u00a0<\/p>\n<p><span style=\"font-weight: 400;\">Le informamos que AMAIA GARC\u00cdA RODR\u00cdGUEZ (en adelante \u201cAmaia Garc\u00eda\u201d) es la titular de la web neuroclinicamaia.com, con DNI: 72748432F y direcci\u00f3n en C\/ de Ponent, num. 160-162, 08912, Badalona. Puede contactar por correo electr\u00f3nico en amaiagrl@gmail.com o bien telef\u00f3nicamente al 635 203 109.<\/span><\/p>\n<p><span style=\"font-weight: 400;\">Los datos personales que se recojan ser\u00e1n \u00fanicamente aquellos estrictamente necesarios para identificar y gestionar la solicitud planteada por el interesado. Dichos datos ser\u00e1n tratados de forma leal, l\u00edcita y transparente, y siempre en relaci\u00f3n con las finalidades establecidas.<\/span><\/p>\n<p>\u00a0<\/p>\n<p><span style=\"font-weight: 400;\">Los datos se recoger\u00e1n \u00fanicamente para finalidades espec\u00edficas, expl\u00edcitas y leg\u00edtimas, y no ser\u00e1n tratados posteriormente de manera incompatible con dichos fines. Adem\u00e1s, se garantizar\u00e1 que sean adecuados, pertinentes y limitados a lo necesario en funci\u00f3n de las finalidades aplicables, y ser\u00e1n actualizados cuando sea necesario.<\/span><\/p>\n<p><span style=\"font-weight: 400;\">Antes de la recogida de los datos, el interesado ser\u00e1 informado de los aspectos esenciales establecidos en esta pol\u00edtica, para que pueda otorgar un consentimiento claro, informado y espec\u00edfico, si este resulta necesario.<\/span><\/p>\n<p>\u00a0<\/p>\n<p><b>Finalidad. \u00bfCon qu\u00e9 finalidad tratamos sus datos personales?<\/b><\/p>\n<p><span style=\"font-weight: 400;\">La informaci\u00f3n personal que nos facilite a trav\u00e9s de correos electr\u00f3nicos ser\u00e1 tratada de forma confidencial y con las m\u00e1ximas garant\u00edas de protecci\u00f3n. En ning\u00fan caso ser\u00e1 utilizada para fines distintos de los especificados ni ser\u00e1 comunicada a terceros sin el consentimiento del interesado, salvo obligaci\u00f3n legal, de acuerdo con los principios establecidos en el RGPD (Reglamento UE 2016\/679) y la L.O. 3\/2018 de Protecci\u00f3n de Datos y Garant\u00eda de los Derechos Digitales.\u00a0<\/span><\/p>\n<p><span style=\"font-weight: 400;\">Para garantizar la seguridad de sus datos personales, hemos implementado diferentes niveles de protecci\u00f3n y adoptado todas las medidas t\u00e9cnicas y organizativas necesarias para evitar su p\u00e9rdida, uso indebido, alteraci\u00f3n, acceso no autorizado o manipulaci\u00f3n.<\/span><\/p>\n<p>\u00a0<\/p>\n<p><span style=\"font-weight: 400;\">A continuaci\u00f3n se detallan los usos y finalidades espec\u00edficas de los datos personales recogidos:<\/span><\/p>\n<ul>\n<li><span style=\"font-weight: 400;\"> Consultas, reservas de cita y solicitudes de informaci\u00f3n de terceros:<\/span><\/li>\n<\/ul>\n<p><span style=\"font-weight: 400;\">Tratamos los datos facilitados para gestionar y responder las consultas y solicitudes de informaci\u00f3n realizadas a trav\u00e9s de los medios de contacto disponibles en la p\u00e1gina web. Esta finalidad incluye tambi\u00e9n la gesti\u00f3n administrativa interna necesaria para la correcta atenci\u00f3n de las solicitudes y para posibles responsabilidades legales, administrativas o judiciales derivadas de la relaci\u00f3n con el interesado.<\/span><\/p>\n<p>\u00a0<\/p>\n<p><b>Legitimaci\u00f3n. \u00bfCu\u00e1l es la legitimaci\u00f3n para el tratamiento de sus datos?<\/b><\/p>\n<p><span style=\"font-weight: 400;\">La recogida y el tratamiento de sus datos personales se realiza siempre sobre la base de una o varias bases jur\u00eddicas leg\u00edtimas, seg\u00fan lo establece el RGPD (Reglamento UE 2016\/679) y la L.O. 3\/2018 de Protecci\u00f3n de Datos y Garant\u00eda de los Derechos Digitales. Concretamente:<\/span><\/p>\n<p>\u00a0<\/p>\n<ul>\n<li><span style=\"font-weight: 400;\"> Consultas, reservas de cita y solicitudes de informaci\u00f3n de terceros:<\/span><\/li>\n<\/ul>\n<p><span style=\"font-weight: 400;\">El tratamiento de los datos se justifica mediante:<\/span><\/p>\n<ol>\n<li style=\"font-weight: 400;\" aria-level=\"1\"><span style=\"font-weight: 400;\">Consentimiento expreso proporcionado por el interesado a trav\u00e9s del formulario de contacto u otros canales de comunicaci\u00f3n electr\u00f3nica. Este consentimiento permite utilizar los datos exclusivamente para responder a las consultas y gestionar las solicitudes.<\/span><\/li>\n<li style=\"font-weight: 400;\" aria-level=\"1\"><span style=\"font-weight: 400;\">Inter\u00e9s leg\u00edtimo de \u201cAmaia Garc\u00eda\u201d para gestionar y responder las consultas y solicitudes planteadas, as\u00ed como para garantizar una correcta gesti\u00f3n administrativa interna y el cumplimiento de posibles obligaciones legales.<\/span><\/li>\n<\/ol>\n<p>\u00a0<\/p>\n<p><b>Conservaci\u00f3n. \u00bfPor cu\u00e1nto tiempo conservaremos sus datos?<\/b><\/p>\n<p><span style=\"font-weight: 400;\">Sus datos personales ser\u00e1n utilizados durante el tiempo estrictamente necesario para cumplir con las finalidades indicadas anteriormente y, una vez alcanzadas dichas finalidades, ser\u00e1n bloqueados y conservados \u00fanicamente para posibles responsabilidades legales, administrativas o judiciales durante los plazos de prescripci\u00f3n aplicables. Transcurrido este per\u00edodo, los datos ser\u00e1n eliminados de manera segura.<\/span><\/p>\n<p>\u00a0<\/p>\n<p><span style=\"font-weight: 400;\">A continuaci\u00f3n se detallan los plazos orientativos de conservaci\u00f3n seg\u00fan el tipo de informaci\u00f3n recogida:<\/span><\/p>\n<p>\u00a0<\/p>\n<table>\n<tbody>\n<tr>\n<td>\n<p><span style=\"font-weight: 400;\">DOCUMENTO<\/span><\/p>\n<\/td>\n<td>\n<p><span style=\"font-weight: 400;\">PLAZO<\/span><\/p>\n<\/td>\n<td>\n<p><span style=\"font-weight: 400;\">REF.\u00a0 LEGAL<\/span><\/p>\n<\/td>\n<\/tr>\n<tr>\n<td>\n<p><span style=\"font-weight: 400;\">Documentaci\u00f3n laboral o relacionada con la seguridad social<\/span><\/p>\n<\/td>\n<td>\n<p><span style=\"font-weight: 400;\">4 a\u00f1os<\/span><\/p>\n<\/td>\n<td>\n<p><span style=\"font-weight: 400;\">Art\u00edculo 21 del Real Decreto Legislativo 5\/2000, de 4 de agosto, por el que se aprueba el texto refundido de la Ley sobre Infracciones y Sanciones en el Orden Social<\/span><\/p>\n<\/td>\n<\/tr>\n<tr>\n<td>\n<p><span style=\"font-weight: 400;\">Documentaci\u00f3n contable y fiscal a efectos mercantiles<\/span><\/p>\n<\/td>\n<td>\n<p><span style=\"font-weight: 400;\">6 a\u00f1os<\/span><\/p>\n<\/td>\n<td>\n<p><span style=\"font-weight: 400;\">Art. 30 C\u00f3digo Comercio<\/span><\/p>\n<\/td>\n<\/tr>\n<tr>\n<td>\n<p><span style=\"font-weight: 400;\">Documentaci\u00f3n contable y fiscal a efectos fiscales<\/span><\/p>\n<\/td>\n<td>\n<p><span style=\"font-weight: 400;\">4 a\u00f1os<\/span><\/p>\n<\/td>\n<td>\n<p><span style=\"font-weight: 400;\">Art\u00edculos 66 a 70 Ley General Tributaria<\/span><\/p>\n<\/td>\n<\/tr>\n<tr>\n<td>\n<p><span style=\"font-weight: 400;\">Datos para el env\u00edo de informaci\u00f3n sobre servicios<\/span><\/p>\n<\/td>\n<td>\n<p><span style=\"font-weight: 400;\">Mientras el interesado no solicite su supresi\u00f3n.\u00a0<\/span><\/p>\n<\/td>\n<td>\n<p><span style=\"font-weight: 400;\">No aplicable<\/span><\/p>\n<\/td>\n<\/tr>\n<tr>\n<td>\n<p><span style=\"font-weight: 400;\">Datos de personas que han contactado<\/span><\/p>\n<\/td>\n<td>\n<p><span style=\"font-weight: 400;\">Mientras no solicite su supresi\u00f3n<\/span><\/p>\n<\/td>\n<td>\n<p><span style=\"font-weight: 400;\">No aplicable<\/span><\/p>\n<\/td>\n<\/tr>\n<tr>\n<td>\n<p><span style=\"font-weight: 400;\">Historias cl\u00ednicas<\/span><\/p>\n<\/td>\n<td>\n<p><span style=\"font-weight: 400;\">15 a\u00f1os<\/span><\/p>\n<\/td>\n<td>\n<p><span style=\"font-weight: 400;\">Ley 16\/2010, de 3 de junio, de modificaci\u00f3n de la Ley 21\/2000, de 29 de diciembre, sobre los derechos de informaci\u00f3n concernientes a la salud y la autonom\u00eda del paciente, y la documentaci\u00f3n cl\u00ednica.<\/span><\/p>\n<\/td>\n<\/tr>\n<\/tbody>\n<\/table>\n<p><span style=\"font-weight: 400;\">En cualquier caso, sus datos personales ser\u00e1n cancelados o bloqueados una vez haya transcurrido el plazo de conservaci\u00f3n establecido para cada tipo de dato, en conformidad con las disposiciones legales aplicables.<\/span><\/p>\n<p><b>Procedencia. \u00bfC\u00f3mo hemos obtenido sus datos?<\/b><\/p>\n<p><span style=\"font-weight: 400;\">La simple visita a la web de \u201cAmaia Garc\u00eda\u201d no implica que el usuario est\u00e9 obligado a proporcionar informaci\u00f3n sobre s\u00ed mismo. Solo se recoger\u00e1n datos personales si el usuario decide interactuar con los formularios u otros medios de contacto habilitados en la web.<\/span><\/p>\n<p><span style=\"font-weight: 400;\">\u201cAmaia Garc\u00eda\u201d proh\u00edbe expresamente que los menores de catorce a\u00f1os faciliten datos personales sin el consentimiento previo de sus padres o tutores legales. Adem\u00e1s, \u201cAmaia Garc\u00eda\u201d no llevar\u00e1 a cabo ninguna actuaci\u00f3n sanitaria con menores de diecis\u00e9is a\u00f1os sin el consentimiento de los padres o tutores legales, salvo en los supuestos legalmente previstos.<\/span><\/p>\n<p><span style=\"font-weight: 400;\">En relaci\u00f3n con la procedencia de los datos recogidos:<\/span><\/p>\n<ul>\n<li><span style=\"font-weight: 400;\"> Consultas, reservas de cita y solicitudes de informaci\u00f3n de terceros:<\/span><\/li>\n<\/ul>\n<p><span style=\"font-weight: 400;\">Los datos son proporcionados directamente por el propio interesado o por su representante legal, a trav\u00e9s de los formularios y canales de contacto habilitados en la web. Se solicita que la informaci\u00f3n facilitada sea veraz, completa y actualizada, siendo el interesado responsable de su exactitud.<\/span><\/p>\n<p><b>Medidas de seguridad. \u00bfQu\u00e9 hacemos para proteger sus datos?<\/b><\/p>\n<p><span style=\"font-weight: 400;\">\u201cAmaia Garc\u00eda\u201d adopta las medidas organizativas y t\u00e9cnicas necesarias para garantizar la seguridad y privacidad de los datos personales, protegi\u00e9ndolos frente a alteraciones, p\u00e9rdidas, tratamientos o accesos no autorizados. Estas medidas se aplican teniendo en cuenta el estado de la tecnolog\u00eda, la naturaleza de los datos almacenados y los riesgos a los que est\u00e1n expuestos.\u00a0\u00a0<\/span><\/p>\n<p>\u00a0<\/p>\n<p><span style=\"font-weight: 400;\">Entre otras, se implementan las siguientes medidas:<\/span><\/p>\n<ul>\n<li><b>Confidencialidad, integridad, disponibilidad y resiliencia<\/b><span style=\"font-weight: 400;\">permanentes de los sistemas y servicios que gestionan el tratamiento de datos personales.\u00a0<\/span><\/li>\n<li><b>Restauraci\u00f3n r\u00e1pida<\/b><span style=\"font-weight: 400;\">de la disponibilidad y el acceso a los datos personales en caso de un incidente f\u00edsico o t\u00e9cnico.\u00a0<\/span><\/li>\n<li><b>Evaluaci\u00f3n continua<\/b><span style=\"font-weight: 400;\">de la eficacia de las medidas t\u00e9cnicas y organizativas implementadas para garantizar la seguridad del tratamiento, mediante pruebas, auditor\u00edas y evaluaciones peri\u00f3dicas.\u00a0<\/span><\/li>\n<li><b>Seudonimizaci\u00f3n y cifrado de datos<\/b><span style=\"font-weight: 400;\">personales, especialmente en el caso de datos sensibles, para proteger la privacidad de los usuarios.<\/span><\/li>\n<li><b>Acceso restringido<\/b><span style=\"font-weight: 400;\">a los datos personales, limitando el acceso a empleados o colaboradores que necesiten dicha informaci\u00f3n para desempe\u00f1ar sus funciones.<\/span><\/li>\n<li><b>Plan de respuesta ante incidentes<\/b><span style=\"font-weight: 400;\">: En caso de incidentes de seguridad, se activar\u00e1n los protocolos establecidos para mitigar los riesgos y garantizar la protecci\u00f3n de los datos personales.<\/span><\/li>\n<\/ul>\n<p><b>Destinatarios. \u00bfA qu\u00e9 destinatarios se comunicar\u00e1n sus datos?<\/b><\/p>\n<p><span style=\"font-weight: 400;\">Los datos personales ser\u00e1n tratados por\u00a0\u201cAmaia Garc\u00eda\u201d\u00a0y, en su caso, compartidos con proveedores de servicios que nos prestan soporte en la gesti\u00f3n y ejecuci\u00f3n de determinados procesos (encargados del tratamiento), con los que se ha formalizado el contrato necesario conforme al art\u00edculo 28 del RGPD. Estos encargados del tratamiento procesar\u00e1n los datos \u00fanicamente para los fines establecidos por\u00a0\u201cAmaia Garc\u00eda\u201d\u00a0y bajo nuestras instrucciones, garantizando la seguridad y protecci\u00f3n de los datos personales.\u00a0<\/span><\/p>\n<p>\u00a0<\/p>\n<p><b>Derechos. \u00bfCu\u00e1les son sus derechos cuando nos facilita sus datos?<\/b><\/p>\n<p><span style=\"font-weight: 400;\">La normativa vigente de protecci\u00f3n de datos le ampara en una serie de derechos en relaci\u00f3n con el uso que le damos a sus datos personales. Todos y cada uno de sus derechos son unipersonales e intransferibles, es decir, que \u00fanicamente pueden ser ejercidos por el titular de los datos, previa comprobaci\u00f3n de su identidad.\u00a0\u00a0<\/span><\/p>\n<p>\u00a0<\/p>\n<p><span style=\"font-weight: 400;\">A continuaci\u00f3n, le indicamos cuales son los derechos que le asisten:\u00a0\u00a0<\/span><\/p>\n<ul>\n<li><span style=\"font-weight: 400;\"> Solicitar el acceso a sus datos personales\u00a0<\/span><\/li>\n<li><span style=\"font-weight: 400;\"> Solicitar la rectificaci\u00f3n de sus datos\u00a0<\/span><\/li>\n<li><span style=\"font-weight: 400;\"> Solicitar la supresi\u00f3n o eliminaci\u00f3n de sus datos (derecho al \u00abolvido\u00bb)\u00a0<\/span><\/li>\n<li><span style=\"font-weight: 400;\"> Derecho a la portabilidad de sus datos para casos de servicios de telecomunicaciones o internet.\u00a0<\/span><\/li>\n<li><span style=\"font-weight: 400;\"> Limitar u oponerse al uso que le damos a sus datos\u00a0<\/span><\/li>\n<li><span style=\"font-weight: 400;\"> Derecho a retirar su consentimiento en cualquier momento\u00a0<\/span><\/li>\n<li><span style=\"font-weight: 400;\"> Derecho a presentar una reclamaci\u00f3n en materia de protecci\u00f3n de datos ante la Autoridad de Control: Agencia Espa\u00f1ola de Protecci\u00f3n de Datos<\/span><\/li>\n<\/ul>\n<p><span style=\"font-weight: 400;\">\u00bfC\u00f3mo puede ejercer sus derechos?<\/span><\/p>\n<p><span style=\"font-weight: 400;\">Para el ejercicio de sus derechos de acceso, rectificaci\u00f3n, supresi\u00f3n, limitaci\u00f3n u oposici\u00f3n, portabilidad y retirada de su consentimiento, puede hacerlo de la siguiente forma:<\/span><\/p>\n<p><span style=\"font-weight: 400;\">Presencialmente o por correo electr\u00f3nico en:<\/span><\/p>\n<p><span style=\"font-weight: 400;\">AMAIA GARC\u00cdA RODR\u00cdGUEZ<\/span><\/p>\n<p><span style=\"font-weight: 400;\">DNI: 72748432F<\/span><\/p>\n<p><span style=\"font-weight: 400;\">amaiagrl@gmail.com<\/span><\/p>\n<p><span style=\"font-weight: 400;\">Adem\u00e1s de los derechos que le asisten, si cree que sus datos no se est\u00e1n recabando o tratando conforme a la normativa vigente de Protecci\u00f3n de Datos, usted podr\u00e1 realizar una reclamaci\u00f3n ante la Autoridad de Control, cuyos datos de contacto indicamos a continuaci\u00f3n:\u00a0<\/span><\/p>\n<p><span style=\"font-weight: 400;\">\u00a0<\/span><\/p>\n<p><span style=\"font-weight: 400;\">Agencia Espa\u00f1ola de Protecci\u00f3n de Datos\u00a0<\/span><\/p>\n<p><span style=\"font-weight: 400;\">C\/ Jorge Juan, 6. 28001, Madrid.<\/span><\/p>\n<p><span style=\"font-weight: 400;\">Email: info@agpd.es\u00a0<\/span><\/p>\n<p><span style=\"font-weight: 400;\">Tel\u00e9fono: 912663517\u00a0<\/span><\/p>\n<p><span style=\"font-weight: 400;\">Web: https:\/\/www.agpd.es<\/span><\/p>\n<p>\u00a0<\/p>\n<p><b>Consentimiento y aceptaci\u00f3n<\/b><\/p>\n<p><span style=\"font-weight: 400;\">Al aceptar esta pol\u00edtica de privacidad, usted declara haber le\u00eddo, entendido y aceptado las cl\u00e1usulas de la misma. Asimismo, autoriza expresamente el tratamiento de sus datos personales conforme a los fines y condiciones establecidos en este documento. <\/span><\/p>\t\t\t\t\t\t<\/div>\n\t\t\t\t<\/div>\n\t\t\t\t\t<\/div>\n\t\t\t\t<\/div>\n\t\t\t\t<\/div>","protected":false},"excerpt":{"rendered":"<p>Informaci\u00f3n b\u00e1sica sobre Protecci\u00f3n de Datos Responsable AMAIA GARC\u00cdA RODR\u00cdGUEZ DNI: 72748432F C\/ de Ponent, num. 160-162, 08912, Badalona\u00a0 Telf: [&hellip;]<\/p>\n","protected":false},"author":1,"featured_media":0,"parent":0,"menu_order":0,"comment_status":"closed","ping_status":"open","template":"","meta":{"site-sidebar-layout":"default","site-content-layout":"","ast-site-content-layout":"","site-content-style":"default","site-sidebar-style":"default","ast-global-header-display":"","ast-banner-title-visibility":"","ast-main-header-display":"","ast-hfb-above-header-display":"","ast-hfb-below-header-display":"","ast-hfb-mobile-header-display":"","site-post-title":"","ast-breadcrumbs-content":"","ast-featured-img":"","footer-sml-layout":"","theme-transparent-header-meta":"","adv-header-id-meta":"","stick-header-meta":"","header-above-stick-meta":"","header-main-stick-meta":"","header-below-stick-meta":"","astra-migrate-meta-layouts":"default","ast-page-background-enabled":"default","ast-page-background-meta":{"desktop":{"background-color":"var(--ast-global-color-4)","background-image":"","background-repeat":"repeat","background-position":"center center","background-size":"auto","background-attachment":"scroll","background-type":"","background-media":"","overlay-type":"","overlay-color":"","overlay-opacity":"","overlay-gradient":""},"tablet":{"background-color":"","background-image":"","background-repeat":"repeat","background-position":"center center","background-size":"auto","background-attachment":"scroll","background-type":"","background-media":"","overlay-type":"","overlay-color":"","overlay-opacity":"","overlay-gradient":""},"mobile":{"background-color":"","background-image":"","background-repeat":"repeat","background-position":"center center","background-size":"auto","background-attachment":"scroll","background-type":"","background-media":"","overlay-type":"","overlay-color":"","overlay-opacity":"","overlay-gradient":""}},"ast-content-background-meta":{"desktop":{"background-color":"var(--ast-global-color-5)","background-image":"","background-repeat":"repeat","background-position":"center center","background-size":"auto","background-attachment":"scroll","background-type":"","background-media":"","overlay-type":"","overlay-color":"","overlay-opacity":"","overlay-gradient":""},"tablet":{"background-color":"var(--ast-global-color-5)","background-image":"","background-repeat":"repeat","background-position":"center center","background-size":"auto","background-attachment":"scroll","background-type":"","background-media":"","overlay-type":"","overlay-color":"","overlay-opacity":"","overlay-gradient":""},"mobile":{"background-color":"var(--ast-global-color-5)","background-image":"","background-repeat":"repeat","background-position":"center center","background-size":"auto","background-attachment":"scroll","background-type":"","background-media":"","overlay-type":"","overlay-color":"","overlay-opacity":"","overlay-gradient":""}},"footnotes":""},"class_list":["post-3","page","type-page","status-publish","hentry"],"aioseo_notices":[],"_links":{"self":[{"href":"https:\/\/neuroclinicamaia.com\/ca\/wp-json\/wp\/v2\/pages\/3","targetHints":{"allow":["GET"]}}],"collection":[{"href":"https:\/\/neuroclinicamaia.com\/ca\/wp-json\/wp\/v2\/pages"}],"about":[{"href":"https:\/\/neuroclinicamaia.com\/ca\/wp-json\/wp\/v2\/types\/page"}],"author":[{"embeddable":true,"href":"https:\/\/neuroclinicamaia.com\/ca\/wp-json\/wp\/v2\/users\/1"}],"replies":[{"embeddable":true,"href":"https:\/\/neuroclinicamaia.com\/ca\/wp-json\/wp\/v2\/comments?post=3"}],"version-history":[{"count":15,"href":"https:\/\/neuroclinicamaia.com\/ca\/wp-json\/wp\/v2\/pages\/3\/revisions"}],"predecessor-version":[{"id":2721,"href":"https:\/\/neuroclinicamaia.com\/ca\/wp-json\/wp\/v2\/pages\/3\/revisions\/2721"}],"wp:attachment":[{"href":"https:\/\/neuroclinicamaia.com\/ca\/wp-json\/wp\/v2\/media?parent=3"}],"curies":[{"name":"wp","href":"https:\/\/api.w.org\/{rel}","templated":true}]}}